{"id":20,"date":"2025-05-13T16:45:34","date_gmt":"2025-05-13T16:45:34","guid":{"rendered":"https:\/\/www.rewild.scot\/?page_id=20"},"modified":"2025-06-24T11:58:12","modified_gmt":"2025-06-24T11:58:12","slug":"storasan-sgoile","status":"publish","type":"page","link":"https:\/\/www.rewild.scot\/gd\/explore-rewilding\/storasan-sgoile\/","title":{"rendered":"St\u00f2rasan Sgoile"},"content":{"rendered":"\n<div class=\"wp-block-cover alignfull is-light fit-screen\" style=\"min-height:100vh;aspect-ratio:unset;\"><img loading=\"lazy\" decoding=\"async\" width=\"2160\" height=\"1440\" class=\"wp-block-cover__image-background wp-image-153 size-full\" alt=\"\" src=\"https:\/\/www.rewild.scot\/wp-content\/uploads\/2025\/05\/rewilding-scotland-stories.jpg\" data-object-fit=\"cover\" srcset=\"https:\/\/www.rewild.scot\/wp-content\/uploads\/2025\/05\/rewilding-scotland-stories.jpg 2160w, https:\/\/www.rewild.scot\/wp-content\/uploads\/2025\/05\/rewilding-scotland-stories-640x427.jpg 640w, https:\/\/www.rewild.scot\/wp-content\/uploads\/2025\/05\/rewilding-scotland-stories-1960x1307.jpg 1960w, https:\/\/www.rewild.scot\/wp-content\/uploads\/2025\/05\/rewilding-scotland-stories-768x512.jpg 768w, https:\/\/www.rewild.scot\/wp-content\/uploads\/2025\/05\/rewilding-scotland-stories-1536x1024.jpg 1536w, https:\/\/www.rewild.scot\/wp-content\/uploads\/2025\/05\/rewilding-scotland-stories-2048x1365.jpg 2048w\" sizes=\"auto, (max-width: 2160px) 100vw, 2160px\" \/><span aria-hidden=\"true\" class=\"wp-block-cover__background has-background-dim-0 has-background-dim\" style=\"background-color:#92867d\"><\/span><div class=\"wp-block-cover__inner-container is-layout-flow wp-block-cover-is-layout-flow\">\n<h1 class=\"wp-block-heading has-text-align-center has-base-color has-transparent-background-color has-text-color has-background has-link-color has-xx-large-font-size wp-elements-940a3ac01bd2009f0a688c33743e02a1\">St\u00f2rasan Sgoile<\/h1>\n<\/div><\/div>\n\n\n\n<p><strong>Bhon t-se\u00f2mar-chlas am bliadhna, thoir taic dha na sgoilearan agad a dhol air chuairt air feadh cruthan-t\u00ecre na Roinn E\u00f2rpa a tha a\u2019 tighinn am feabhas.<\/strong><\/p>\n\n\n\n<p>San fhilm Why Not Scotland?, tha Flo a\u2019 coimhead air staid chaithte n\u00e0dair air feadh na d\u00f9thcha ach tha i cuideachd a\u2019 faighinn d\u00f2chas \u2019s i air chuairt gus \u00e0itichean a lorg far a bheil n\u00e0dar a\u2019 tighinn air ais ann an d\u00f2igh car iongantach. Air a\u2019 chuairt, tha i a\u2019 bruidhinn ri daoine a tha a\u2019 faighinn buannachd bho n\u00e0dar a\u2019 tilleadh agus a tha a\u2019 d\u00e8iligeadh ri iomagaineachd a thaobh na h-\u00e0rainneachd.<\/p>\n\n\n\n<figure class=\"wp-block-embed is-type-video is-provider-youtube wp-block-embed-youtube wp-embed-aspect-16-9 wp-has-aspect-ratio\"><div class=\"wp-block-embed__wrapper\">\n<iframe loading=\"lazy\" title=\"Why Not Scotland? Official Trailer\" width=\"500\" height=\"281\" src=\"https:\/\/www.youtube.com\/embed\/3qogJE4sqtw?feature=oembed\" frameborder=\"0\" allow=\"accelerometer; autoplay; clipboard-write; encrypted-media; gyroscope; picture-in-picture; web-share\" referrerpolicy=\"strict-origin-when-cross-origin\" allowfullscreen><\/iframe>\n<\/div><\/figure>\n\n\n\n<p><strong>Tha planaichean leasain is st\u00f2rasan rim faotainn an seo gus sgoilearan a chuideachadh a dh\u2019ionnsachadh mar a tha n\u00e0dar a\u2019 tighinn am feabhas gu m\u00f2r.<\/strong><\/p>\n\n\n\n<p>Tha am film agus na st\u00f2rasan plana leasain nam p\u00e0irt den iomairt #Ath-fhiadhachadh, a tha ag iarraidh air Alba a h-ainmeachadh fh\u00e8in mar a\u2019 chiad N\u00e0isean Ath-fhiadhachaidh, le n\u00e0dar a\u2019 soirbheachadh thar 30% den fhearann \u2019s na cuantan againn.<\/p>\n\n\n\n<p>Faodaidh na planaichean leasain taic a chumail ri smaoineachadh breithneachail, deasbad is ionnsachadh am broinn t\u00f2rr de na h-e\u00f2lasan is toraidhean aig na d\u00e0rna, treas is ceathramh \u00ecrean de dh\u2019E\u00f2las S\u00f2isealta: Daoine, \u00c0ite is \u00c0rainneachd agus taobh a-staigh Saidheans: An Talamh is Saidheans Cuspaireil.<\/p>\n\n\n\n<div class=\"wp-block-group alignwide teasers is-layout-grid wp-container-core-group-is-layout-d61bf26b wp-block-group-is-layout-grid\" style=\"padding-bottom:var(--wp--preset--spacing--50)\">\n<div class=\"wp-block-group teaser hoverzoom shadowbox is-vertical is-content-justification-center is-layout-flex wp-container-core-group-is-layout-ce155fab wp-block-group-is-layout-flex\">\n<figure class=\"wp-block-image size-full\" style=\"margin-top:0\"><a href=\"https:\/\/www.youtube.com\/watch?v=FFypWj1bjPk\" target=\"_blank\" rel=\" noreferrer noopener\"><img loading=\"lazy\" decoding=\"async\" width=\"600\" height=\"450\" src=\"https:\/\/www.rewild.scot\/wp-content\/uploads\/2025\/06\/watch-why-not-scotland.jpg\" alt=\"\" class=\"wp-image-618\"\/><\/a><\/figure>\n\n\n\n<a class=\"clickableblock\" href=\"https:\/\/www.youtube.com\/watch?v=FFypWj1bjPk\" target=\"_blank\"><\/a>\n\n\n\n<div class=\"wp-block-buttons is-content-justification-center is-layout-flex wp-container-core-buttons-is-layout-a89b3969 wp-block-buttons-is-layout-flex\">\n<div class=\"wp-block-button\"><a class=\"wp-block-button__link wp-element-button\" href=\"https:\/\/www.youtube.com\/watch?v=FFypWj1bjPk\" target=\"_blank\" rel=\"noreferrer noopener\">Coimhead air an tr\u00e8ilear airson \u2018Why Not Scotland?\u2019<\/a><\/div>\n<\/div>\n<\/div>\n\n\n\n<div class=\"wp-block-group teaser hoverzoom shadowbox is-vertical is-content-justification-center is-layout-flex wp-container-core-group-is-layout-ce155fab wp-block-group-is-layout-flex\">\n<figure class=\"wp-block-image size-full\" style=\"margin-top:0\"><img loading=\"lazy\" decoding=\"async\" width=\"600\" height=\"450\" src=\"https:\/\/www.rewild.scot\/wp-content\/uploads\/2025\/06\/img-210a5211bf032176d7350b761b9a783f.png\" alt=\"\" class=\"wp-image-690\"\/><\/figure>\n\n\n\n<a class=\"clickableblock\" href=\"https:\/\/www.rewild.scot\/wp-content\/uploads\/2025\/06\/WhyNotScotlandAmPlanaLeasain.pdf\" target=\"_blank\"><\/a>\n\n\n\n<div class=\"wp-block-buttons is-content-justification-center is-layout-flex wp-container-core-buttons-is-layout-a89b3969 wp-block-buttons-is-layout-flex\">\n<div class=\"wp-block-button\"><a class=\"wp-block-button__link wp-element-button\" href=\"https:\/\/www.rewild.scot\/wp-content\/uploads\/2025\/06\/WhyNotScotlandAmPlanaLeasain.pdf\" target=\"_blank\" rel=\"noreferrer noopener\">Luchdaich a-nuas am plana leasain<\/a><\/div>\n<\/div>\n<\/div>\n\n\n\n<div class=\"wp-block-group teaser hoverzoom shadowbox is-vertical is-content-justification-center is-layout-flex wp-container-core-group-is-layout-ce155fab wp-block-group-is-layout-flex\">\n<figure class=\"wp-block-image size-full\" style=\"margin-top:0\"><img loading=\"lazy\" decoding=\"async\" width=\"600\" height=\"450\" src=\"https:\/\/www.rewild.scot\/wp-content\/uploads\/2025\/06\/img-6a9561ed1368269102d49dcac0b70241.png\" alt=\"\" class=\"wp-image-691\"\/><\/figure>\n\n\n\n<a class=\"clickableblock\" href=\"https:\/\/www.rewild.scot\/wp-content\/uploads\/2025\/06\/WhyNot-ScotlandLessonPlanPresentationGaelic.pptx\" target=\"_blank\"><\/a>\n\n\n\n<div class=\"wp-block-buttons is-content-justification-center is-layout-flex wp-container-core-buttons-is-layout-a89b3969 wp-block-buttons-is-layout-flex\">\n<div class=\"wp-block-button\"><a class=\"wp-block-button__link wp-element-button\" href=\"https:\/\/www.rewild.scot\/wp-content\/uploads\/2025\/06\/WhyNot-ScotlandLessonPlanPresentationGaelic.pptx\" target=\"_blank\" rel=\"noreferrer noopener\">Luchdaich a-nuas an taisbeanadh PowerPoint<\/a><\/div>\n<\/div>\n<\/div>\n\n\n\n<div class=\"wp-block-group teaser hoverzoom shadowbox is-vertical is-content-justification-center is-layout-flex wp-container-core-group-is-layout-ce155fab wp-block-group-is-layout-flex\">\n<figure class=\"wp-block-image size-full\" style=\"margin-top:0\"><img loading=\"lazy\" decoding=\"async\" width=\"600\" height=\"450\" src=\"https:\/\/www.rewild.scot\/wp-content\/uploads\/2025\/06\/img-dfff99d63907a51c3d4d6a5b7e23747a.png\" alt=\"\" class=\"wp-image-693\"\/><\/figure>\n\n\n\n<h2 class=\"wp-block-heading has-text-align-center\">A\u2019 Chairt N\u00e0isean Ath-fhiadhachaidh<\/h2>\n\n\n\n<p class=\"has-text-align-center\">Full version with images.<\/p>\n\n\n\n<a class=\"clickableblock\" href=\"https:\/\/www.rewild.scot\/wp-content\/uploads\/2025\/06\/Rewilding-Nation-Charter_27-2-24.pdf\" target=\"_blank\"><\/a>\n\n\n\n<div class=\"wp-block-buttons is-content-justification-center is-layout-flex wp-container-core-buttons-is-layout-a89b3969 wp-block-buttons-is-layout-flex\">\n<div class=\"wp-block-button\"><a class=\"wp-block-button__link wp-element-button\" href=\"https:\/\/www.rewild.scot\/wp-content\/uploads\/2025\/06\/Rewilding-Nation-Charter_27-2-24.pdf\" target=\"_blank\" rel=\"noreferrer noopener\">Luchdaich a-nuas a\u2019 Chairt N\u00e0isean Ath-fhiadhachaidh<\/a><\/div>\n<\/div>\n<\/div>\n\n\n\n<div class=\"wp-block-group teaser hoverzoom shadowbox is-vertical is-content-justification-center is-layout-flex wp-container-core-group-is-layout-ce155fab wp-block-group-is-layout-flex\">\n<figure class=\"wp-block-image size-full\" style=\"margin-top:0\"><img loading=\"lazy\" decoding=\"async\" width=\"600\" height=\"450\" src=\"https:\/\/www.rewild.scot\/wp-content\/uploads\/2025\/06\/img-dfff99d63907a51c3d4d6a5b7e23747a.png\" alt=\"\" class=\"wp-image-693\"\/><\/figure>\n\n\n\n<h2 class=\"wp-block-heading has-text-align-center\">A\u2019 Chairt N\u00e0isean Ath-fhiadhachaidh <\/h2>\n\n\n\n<p class=\"has-text-align-center\">(cl\u00f2-bhualaidh)<\/p>\n\n\n\n<a class=\"clickableblock\" href=\"https:\/\/www.rewild.scot\/wp-content\/uploads\/2025\/06\/Low-image-Charter-Gaelic.pdf\" target=\"_blank\"><\/a>\n\n\n\n<div class=\"wp-block-buttons is-content-justification-center is-layout-flex wp-container-core-buttons-is-layout-a89b3969 wp-block-buttons-is-layout-flex\">\n<div class=\"wp-block-button\"><a class=\"wp-block-button__link wp-element-button\" href=\"https:\/\/www.rewild.scot\/wp-content\/uploads\/2025\/06\/Low-image-Charter-Gaelic.pdf\" target=\"_blank\" rel=\"noreferrer noopener\">Luchdaich a-nuas a\u2019 Chairt N\u00e0isean Ath-fhiadhachaidh (cl\u00f2-bhualaidh)<\/a><\/div>\n<\/div>\n<\/div>\n\n\n\n<div class=\"wp-block-group teaser hoverzoom shadowbox is-vertical is-content-justification-center is-layout-flex wp-container-core-group-is-layout-ce155fab wp-block-group-is-layout-flex\">\n<figure class=\"wp-block-image size-full\" style=\"margin-top:0\"><img loading=\"lazy\" decoding=\"async\" width=\"600\" height=\"450\" src=\"https:\/\/www.rewild.scot\/wp-content\/uploads\/2025\/06\/img-8cd10b845a7d673a9202020a77aace0c.png\" alt=\"\" class=\"wp-image-692\"\/><\/figure>\n\n\n\n<h2 class=\"wp-block-heading has-text-align-center\">10 F\u00ecrinnean Fiadhain<\/h2>\n\n\n\n<p>&nbsp;<\/p>\n\n\n\n<a class=\"clickableblock\" href=\"https:\/\/www.rewild.scot\/wp-content\/uploads\/2025\/06\/Top-10-wildest-facts-handout.pdf\" target=\"_blank\"><\/a>\n\n\n\n<div class=\"wp-block-buttons is-content-justification-center is-layout-flex wp-container-core-buttons-is-layout-a89b3969 wp-block-buttons-is-layout-flex\">\n<div class=\"wp-block-button\"><a class=\"wp-block-button__link wp-element-button\" href=\"https:\/\/www.rewild.scot\/wp-content\/uploads\/2025\/06\/Top-10-wildest-facts-handout.pdf\" target=\"_blank\" rel=\"noreferrer noopener\">Luchdaich a-nuas \u201810 f\u00ecrinnean fiadhain\u2019 [a\u2019 tighinn a dh\u2019aithghearr]<\/a><\/div>\n<\/div>\n<\/div>\n<\/div>\n\n\n\n<p><\/p>\n","protected":false},"excerpt":{"rendered":"<p>Bhon t-se\u00f2mar-chlas am bliadhna, thoir taic dha na sgoilearan agad a dhol air chuairt air feadh cruthan-t\u00ecre na Roinn E\u00f2rpa a tha a\u2019 tighinn am feabhas. San fhilm Why Not Scotland?, tha Flo a\u2019 coimhead air staid chaithte n\u00e0dair air feadh na d\u00f9thcha ach tha i cuideachd a\u2019 faighinn d\u00f2chas \u2019s i air chuairt gus [&hellip;]<\/p>\n","protected":false},"author":1,"featured_media":0,"parent":16,"menu_order":0,"comment_status":"closed","ping_status":"closed","template":"page-no-title-no-featured-image","meta":{"_acf_changed":false,"footnotes":""},"class_list":["post-20","page","type-page","status-publish","hentry"],"acf":[],"mb":[],"yoast_head":"<!-- This site is optimized with the Yoast SEO plugin v27.4 - https:\/\/yoast.com\/product\/yoast-seo-wordpress\/ -->\n<title>St\u00f2rasan Sgoile - The Scottish Rewilding Alliance<\/title>\n<meta name=\"robots\" content=\"index, follow, max-snippet:-1, max-image-preview:large, max-video-preview:-1\" \/>\n<link rel=\"canonical\" href=\"https:\/\/www.rewild.scot\/gd\/explore-rewilding\/storasan-sgoile\/\" \/>\n<meta property=\"og:locale\" content=\"en_US\" \/>\n<meta property=\"og:type\" content=\"article\" \/>\n<meta property=\"og:title\" content=\"St\u00f2rasan Sgoile - The Scottish Rewilding Alliance\" \/>\n<meta property=\"og:description\" content=\"Bhon t-se\u00f2mar-chlas am bliadhna, thoir taic dha na sgoilearan agad a dhol air chuairt air feadh cruthan-t\u00ecre na Roinn E\u00f2rpa a tha a\u2019 tighinn am feabhas. San fhilm Why Not Scotland?, tha Flo a\u2019 coimhead air staid chaithte n\u00e0dair air feadh na d\u00f9thcha ach tha i cuideachd a\u2019 faighinn d\u00f2chas \u2019s i air chuairt gus [&hellip;]\" \/>\n<meta property=\"og:url\" content=\"https:\/\/www.rewild.scot\/gd\/explore-rewilding\/storasan-sgoile\/\" \/>\n<meta property=\"og:site_name\" content=\"The Scottish Rewilding Alliance\" \/>\n<meta property=\"article:publisher\" content=\"https:\/\/www.facebook.com\/ScotRewilding\" \/>\n<meta property=\"article:modified_time\" content=\"2025-06-24T11:58:12+00:00\" \/>\n<meta property=\"og:image\" content=\"https:\/\/www.rewild.scot\/wp-content\/uploads\/2025\/05\/rewilding-scotland-stories.jpg\" \/>\n\t<meta property=\"og:image:width\" content=\"2160\" \/>\n\t<meta property=\"og:image:height\" content=\"1440\" \/>\n\t<meta property=\"og:image:type\" content=\"image\/jpeg\" \/>\n<meta name=\"twitter:card\" content=\"summary_large_image\" \/>\n<meta name=\"twitter:site\" content=\"@ScotRewilding\" \/>\n<meta name=\"twitter:label1\" content=\"Est. reading time\" \/>\n\t<meta name=\"twitter:data1\" content=\"2 minutes\" \/>\n<script type=\"application\/ld+json\" class=\"yoast-schema-graph\">{\"@context\":\"https:\\\/\\\/schema.org\",\"@graph\":[{\"@type\":\"WebPage\",\"@id\":\"https:\\\/\\\/www.rewild.scot\\\/explore-rewilding\\\/storasan-sgoile\\\/\",\"url\":\"https:\\\/\\\/www.rewild.scot\\\/explore-rewilding\\\/storasan-sgoile\\\/\",\"name\":\"St\u00f2rasan Sgoile - The Scottish Rewilding Alliance\",\"isPartOf\":{\"@id\":\"https:\\\/\\\/www.rewild.scot\\\/#website\"},\"primaryImageOfPage\":{\"@id\":\"https:\\\/\\\/www.rewild.scot\\\/explore-rewilding\\\/storasan-sgoile\\\/#primaryimage\"},\"image\":{\"@id\":\"https:\\\/\\\/www.rewild.scot\\\/explore-rewilding\\\/storasan-sgoile\\\/#primaryimage\"},\"thumbnailUrl\":\"https:\\\/\\\/www.rewild.scot\\\/wp-content\\\/uploads\\\/2025\\\/05\\\/rewilding-scotland-stories.jpg\",\"datePublished\":\"2025-05-13T16:45:34+00:00\",\"dateModified\":\"2025-06-24T11:58:12+00:00\",\"breadcrumb\":{\"@id\":\"https:\\\/\\\/www.rewild.scot\\\/explore-rewilding\\\/storasan-sgoile\\\/#breadcrumb\"},\"inLanguage\":\"gd\",\"potentialAction\":[{\"@type\":\"ReadAction\",\"target\":[\"https:\\\/\\\/www.rewild.scot\\\/explore-rewilding\\\/storasan-sgoile\\\/\"]}]},{\"@type\":\"ImageObject\",\"inLanguage\":\"gd\",\"@id\":\"https:\\\/\\\/www.rewild.scot\\\/explore-rewilding\\\/storasan-sgoile\\\/#primaryimage\",\"url\":\"https:\\\/\\\/www.rewild.scot\\\/wp-content\\\/uploads\\\/2025\\\/05\\\/rewilding-scotland-stories.jpg\",\"contentUrl\":\"https:\\\/\\\/www.rewild.scot\\\/wp-content\\\/uploads\\\/2025\\\/05\\\/rewilding-scotland-stories.jpg\"},{\"@type\":\"BreadcrumbList\",\"@id\":\"https:\\\/\\\/www.rewild.scot\\\/explore-rewilding\\\/storasan-sgoile\\\/#breadcrumb\",\"itemListElement\":[{\"@type\":\"ListItem\",\"position\":1,\"name\":\"Home\",\"item\":\"https:\\\/\\\/www.rewild.scot\\\/\"},{\"@type\":\"ListItem\",\"position\":2,\"name\":\"Explore Rewilding\",\"item\":\"https:\\\/\\\/www.rewild.scot\\\/explore-rewilding\\\/\"},{\"@type\":\"ListItem\",\"position\":3,\"name\":\"St\u00f2rasan Sgoile\"}]},{\"@type\":\"WebSite\",\"@id\":\"https:\\\/\\\/www.rewild.scot\\\/#website\",\"url\":\"https:\\\/\\\/www.rewild.scot\\\/\",\"name\":\"The Scottish Rewilding Alliance\",\"description\":\"ReWilding Nation\",\"publisher\":{\"@id\":\"https:\\\/\\\/www.rewild.scot\\\/#organization\"},\"potentialAction\":[{\"@type\":\"SearchAction\",\"target\":{\"@type\":\"EntryPoint\",\"urlTemplate\":\"https:\\\/\\\/www.rewild.scot\\\/?s={search_term_string}\"},\"query-input\":{\"@type\":\"PropertyValueSpecification\",\"valueRequired\":true,\"valueName\":\"search_term_string\"}}],\"inLanguage\":\"gd\"},{\"@type\":\"Organization\",\"@id\":\"https:\\\/\\\/www.rewild.scot\\\/#organization\",\"name\":\"The Scottish Rewilding Alliance\",\"url\":\"https:\\\/\\\/www.rewild.scot\\\/\",\"logo\":{\"@type\":\"ImageObject\",\"inLanguage\":\"gd\",\"@id\":\"https:\\\/\\\/www.rewild.scot\\\/#\\\/schema\\\/logo\\\/image\\\/\",\"url\":\"https:\\\/\\\/www.rewild.scot\\\/wp-content\\\/uploads\\\/2025\\\/05\\\/the-scottish-wildlife-alliance-logo.png\",\"contentUrl\":\"https:\\\/\\\/www.rewild.scot\\\/wp-content\\\/uploads\\\/2025\\\/05\\\/the-scottish-wildlife-alliance-logo.png\",\"width\":500,\"height\":96,\"caption\":\"The Scottish Rewilding Alliance\"},\"image\":{\"@id\":\"https:\\\/\\\/www.rewild.scot\\\/#\\\/schema\\\/logo\\\/image\\\/\"},\"sameAs\":[\"https:\\\/\\\/www.facebook.com\\\/ScotRewilding\",\"https:\\\/\\\/x.com\\\/ScotRewilding\",\"https:\\\/\\\/www.youtube.com\\\/@thescottishrewildingallian7894\",\"https:\\\/\\\/www.linkedin.com\\\/company\\\/scottish-rewilding-alliance\\\/\",\"https:\\\/\\\/www.instagram.com\\\/scot_rewilding\\\/?hl=en\"]}]}<\/script>\n<!-- \/ Yoast SEO plugin. -->","yoast_head_json":{"title":"St\u00f2rasan Sgoile - The Scottish Rewilding Alliance","robots":{"index":"index","follow":"follow","max-snippet":"max-snippet:-1","max-image-preview":"max-image-preview:large","max-video-preview":"max-video-preview:-1"},"canonical":"https:\/\/www.rewild.scot\/gd\/explore-rewilding\/storasan-sgoile\/","og_locale":"en_US","og_type":"article","og_title":"St\u00f2rasan Sgoile - The Scottish Rewilding Alliance","og_description":"Bhon t-se\u00f2mar-chlas am bliadhna, thoir taic dha na sgoilearan agad a dhol air chuairt air feadh cruthan-t\u00ecre na Roinn E\u00f2rpa a tha a\u2019 tighinn am feabhas. San fhilm Why Not Scotland?, tha Flo a\u2019 coimhead air staid chaithte n\u00e0dair air feadh na d\u00f9thcha ach tha i cuideachd a\u2019 faighinn d\u00f2chas \u2019s i air chuairt gus [&hellip;]","og_url":"https:\/\/www.rewild.scot\/gd\/explore-rewilding\/storasan-sgoile\/","og_site_name":"The Scottish Rewilding Alliance","article_publisher":"https:\/\/www.facebook.com\/ScotRewilding","article_modified_time":"2025-06-24T11:58:12+00:00","og_image":[{"width":2160,"height":1440,"url":"https:\/\/www.rewild.scot\/wp-content\/uploads\/2025\/05\/rewilding-scotland-stories.jpg","type":"image\/jpeg"}],"twitter_card":"summary_large_image","twitter_site":"@ScotRewilding","twitter_misc":{"Est. reading time":"2 minutes"},"schema":{"@context":"https:\/\/schema.org","@graph":[{"@type":"WebPage","@id":"https:\/\/www.rewild.scot\/explore-rewilding\/storasan-sgoile\/","url":"https:\/\/www.rewild.scot\/explore-rewilding\/storasan-sgoile\/","name":"St\u00f2rasan Sgoile - The Scottish Rewilding Alliance","isPartOf":{"@id":"https:\/\/www.rewild.scot\/#website"},"primaryImageOfPage":{"@id":"https:\/\/www.rewild.scot\/explore-rewilding\/storasan-sgoile\/#primaryimage"},"image":{"@id":"https:\/\/www.rewild.scot\/explore-rewilding\/storasan-sgoile\/#primaryimage"},"thumbnailUrl":"https:\/\/www.rewild.scot\/wp-content\/uploads\/2025\/05\/rewilding-scotland-stories.jpg","datePublished":"2025-05-13T16:45:34+00:00","dateModified":"2025-06-24T11:58:12+00:00","breadcrumb":{"@id":"https:\/\/www.rewild.scot\/explore-rewilding\/storasan-sgoile\/#breadcrumb"},"inLanguage":"gd","potentialAction":[{"@type":"ReadAction","target":["https:\/\/www.rewild.scot\/explore-rewilding\/storasan-sgoile\/"]}]},{"@type":"ImageObject","inLanguage":"gd","@id":"https:\/\/www.rewild.scot\/explore-rewilding\/storasan-sgoile\/#primaryimage","url":"https:\/\/www.rewild.scot\/wp-content\/uploads\/2025\/05\/rewilding-scotland-stories.jpg","contentUrl":"https:\/\/www.rewild.scot\/wp-content\/uploads\/2025\/05\/rewilding-scotland-stories.jpg"},{"@type":"BreadcrumbList","@id":"https:\/\/www.rewild.scot\/explore-rewilding\/storasan-sgoile\/#breadcrumb","itemListElement":[{"@type":"ListItem","position":1,"name":"Home","item":"https:\/\/www.rewild.scot\/"},{"@type":"ListItem","position":2,"name":"Explore Rewilding","item":"https:\/\/www.rewild.scot\/explore-rewilding\/"},{"@type":"ListItem","position":3,"name":"St\u00f2rasan Sgoile"}]},{"@type":"WebSite","@id":"https:\/\/www.rewild.scot\/#website","url":"https:\/\/www.rewild.scot\/","name":"The Scottish Rewilding Alliance","description":"ReWilding Nation","publisher":{"@id":"https:\/\/www.rewild.scot\/#organization"},"potentialAction":[{"@type":"SearchAction","target":{"@type":"EntryPoint","urlTemplate":"https:\/\/www.rewild.scot\/?s={search_term_string}"},"query-input":{"@type":"PropertyValueSpecification","valueRequired":true,"valueName":"search_term_string"}}],"inLanguage":"gd"},{"@type":"Organization","@id":"https:\/\/www.rewild.scot\/#organization","name":"The Scottish Rewilding Alliance","url":"https:\/\/www.rewild.scot\/","logo":{"@type":"ImageObject","inLanguage":"gd","@id":"https:\/\/www.rewild.scot\/#\/schema\/logo\/image\/","url":"https:\/\/www.rewild.scot\/wp-content\/uploads\/2025\/05\/the-scottish-wildlife-alliance-logo.png","contentUrl":"https:\/\/www.rewild.scot\/wp-content\/uploads\/2025\/05\/the-scottish-wildlife-alliance-logo.png","width":500,"height":96,"caption":"The Scottish Rewilding Alliance"},"image":{"@id":"https:\/\/www.rewild.scot\/#\/schema\/logo\/image\/"},"sameAs":["https:\/\/www.facebook.com\/ScotRewilding","https:\/\/x.com\/ScotRewilding","https:\/\/www.youtube.com\/@thescottishrewildingallian7894","https:\/\/www.linkedin.com\/company\/scottish-rewilding-alliance\/","https:\/\/www.instagram.com\/scot_rewilding\/?hl=en"]}]}},"mfb_rest_fields":["title","yoast_head","yoast_head_json"],"_links":{"self":[{"href":"https:\/\/www.rewild.scot\/gd\/wp-json\/wp\/v2\/pages\/20","targetHints":{"allow":["GET"]}}],"collection":[{"href":"https:\/\/www.rewild.scot\/gd\/wp-json\/wp\/v2\/pages"}],"about":[{"href":"https:\/\/www.rewild.scot\/gd\/wp-json\/wp\/v2\/types\/page"}],"author":[{"embeddable":true,"href":"https:\/\/www.rewild.scot\/gd\/wp-json\/wp\/v2\/users\/1"}],"replies":[{"embeddable":true,"href":"https:\/\/www.rewild.scot\/gd\/wp-json\/wp\/v2\/comments?post=20"}],"version-history":[{"count":7,"href":"https:\/\/www.rewild.scot\/gd\/wp-json\/wp\/v2\/pages\/20\/revisions"}],"predecessor-version":[{"id":704,"href":"https:\/\/www.rewild.scot\/gd\/wp-json\/wp\/v2\/pages\/20\/revisions\/704"}],"up":[{"embeddable":true,"href":"https:\/\/www.rewild.scot\/gd\/wp-json\/wp\/v2\/pages\/16"}],"wp:attachment":[{"href":"https:\/\/www.rewild.scot\/gd\/wp-json\/wp\/v2\/media?parent=20"}],"curies":[{"name":"wp","href":"https:\/\/api.w.org\/{rel}","templated":true}]}}