{"id":28,"date":"2025-05-13T16:52:12","date_gmt":"2025-05-13T16:52:12","guid":{"rendered":"https:\/\/www.rewild.scot\/?page_id=28"},"modified":"2025-06-25T09:55:36","modified_gmt":"2025-06-25T09:55:36","slug":"chairt","status":"publish","type":"page","link":"https:\/\/www.rewild.scot\/gd\/chairt\/","title":{"rendered":"Chairt N\u00e0isean Ath-fhiadhachaidh"},"content":{"rendered":"<div class=\"wp-block-cover alignfull is-light fit-screen\" style=\"min-height:100vh;aspect-ratio:unset;\"><img loading=\"lazy\" decoding=\"async\" width=\"2000\" height=\"1022\" class=\"wp-block-cover__image-background wp-image-570 size-full\" alt=\"\" src=\"https:\/\/www.rewild.scot\/wp-content\/uploads\/2025\/06\/img-ded8e5ae9aa4976d2a102f7487fa8013.jpg\" data-object-fit=\"cover\" srcset=\"https:\/\/www.rewild.scot\/wp-content\/uploads\/2025\/06\/img-ded8e5ae9aa4976d2a102f7487fa8013.jpg 2000w, https:\/\/www.rewild.scot\/wp-content\/uploads\/2025\/06\/img-ded8e5ae9aa4976d2a102f7487fa8013-640x327.jpg 640w, https:\/\/www.rewild.scot\/wp-content\/uploads\/2025\/06\/img-ded8e5ae9aa4976d2a102f7487fa8013-1960x1002.jpg 1960w, https:\/\/www.rewild.scot\/wp-content\/uploads\/2025\/06\/img-ded8e5ae9aa4976d2a102f7487fa8013-768x392.jpg 768w, https:\/\/www.rewild.scot\/wp-content\/uploads\/2025\/06\/img-ded8e5ae9aa4976d2a102f7487fa8013-1536x785.jpg 1536w\" sizes=\"auto, (max-width: 2000px) 100vw, 2000px\" \/><span aria-hidden=\"true\" class=\"wp-block-cover__background has-background-dim-0 has-background-dim\" style=\"background-color:#8e9959\"><\/span><div class=\"wp-block-cover__inner-container is-layout-flow wp-block-cover-is-layout-flow\">\n<h1 class=\"wp-block-heading has-text-align-center has-base-color has-transparent-background-color has-text-color has-background has-link-color has-xx-large-font-size wp-elements-912570f8ffa138ac19b54231202cf016\">\u00c0m chothruim do dh\u2019Alba<\/h1>\n<\/div><\/div>\n\n\n\n<h1 class=\"wp-block-heading\">Ma tha thu a\u2019 cumail taic ri N\u00e0isean Ath-fhiadhachaidh \u00d9r, \u2019s e a-nis an cothrom agad a bhruidhinn<\/h1>\n\n\n\n<p>\u00a0\u2019S e seo an cothrom agad do thaic airson ath-fhiadhachadh ann an Alba a leigeil fhaicinn le bhith ag earalachadh air Riaghaltas na h-Alba Alba a ghairm na N\u00e0isean Ath-fhiadhachaidh, a\u2019 gealltainn do dh\u2019ath-shl\u00e0nachadh n\u00e0dair thar 30% den fhearann is na cuantan againn &#8211; a\u2019 toirt buannachd do n\u00e0dar, na gn\u00e0th-s\u00ecde agus daoine. <a href=\"https:\/\/www.rewild.scot\/wp-content\/uploads\/2025\/06\/RN-Gaelic-Charter_digital.pdf\" target=\"_blank\" rel=\"noreferrer noopener\">Luchdaich a-nuas agus leugh an cairt.<\/a><\/p>\n\n\n\n<div class=\"wp-block-buttons is-content-justification-center is-layout-flex wp-container-core-buttons-is-layout-a89b3969 wp-block-buttons-is-layout-flex\">\n<div class=\"wp-block-button\"><a class=\"wp-block-button__link wp-element-button\" href=\"https:\/\/bptemrf5lmf.typeform.com\/rewildingnation\" target=\"_blank\" rel=\"noreferrer noopener\"><strong>Cuir d\u2019 ainm ris a\u2019 Chairt<\/strong><\/a><\/div>\n<\/div>\n\n\n\n<h2 class=\"wp-block-heading\">&nbsp;D\u00e8 th\u2019 ann an N\u00e0isean Ath-fhiadhachaidh \u00d9r?<\/h2>\n\n\n\n<p>Smaoinich air Alba far a bheil fiadh-bheatha l\u00econmhor, far a bheil na cnuic air an c\u00f2mhdachadh le cle\u00f2ca de choilltean d\u00f9thchasach is m\u00f2intichean fallain; far an tig fl\u00f9raichean fo bhl\u00e0th air na raointean is far a bheil boglaichean l\u00e0n bheatha; far a bheil fe\u00f2ir-locha m\u00f2ra gorma a\u2019 sgaoileadh thar grunnd na mara is leapannan eisir a\u2019 cumail taic ris ar costaichean fiadhain.<\/p>\n\n\n\n<h3 class=\"wp-block-heading\">&nbsp;\u2019S e seo N\u00e0isean Ath-fhiadhachaidh \u00d9r.<\/h3>\n\n\n\n<p>Smaoinich air Alba a tha l\u00e0n choimhearsnachdan be\u00f2thail, far a bheil ath-leasachadh n\u00e0dair a\u2019 brosnachadh \u2019s a\u2019 cumail taic ri iomairtean ionadail, far am faigh daoine de gach aois obraichean buannachdail, agus far a bheil cruthan-t\u00ecre le beairteas n\u00e0dair ruigsinneach dhan h-uile duine, ag ath-dh\u00f9sgadh ar ceangail ri m\u00ecorbhailean an t-saoghail n\u00e0darra.<\/p>\n\n\n\n<h3 class=\"wp-block-heading\">&nbsp;\u2019S e seo na tha N\u00e0isean Ath-fhiadhachaidh \u00d9r a\u2019 ciallachadh.<\/h3>\n\n\n\n<figure class=\"wp-block-gallery alignwide has-nested-images columns-default is-cropped wp-block-gallery-1 is-layout-flex wp-block-gallery-is-layout-flex\">\n<figure class=\"wp-block-image size-large\"><img loading=\"lazy\" decoding=\"async\" width=\"1960\" height=\"1307\" data-id=\"579\" src=\"https:\/\/www.rewild.scot\/wp-content\/uploads\/2025\/06\/MHA_1086354-1960x1307.jpg\" alt=\"\" class=\"wp-image-579\" srcset=\"https:\/\/www.rewild.scot\/wp-content\/uploads\/2025\/06\/MHA_1086354-1960x1307.jpg 1960w, https:\/\/www.rewild.scot\/wp-content\/uploads\/2025\/06\/MHA_1086354-640x427.jpg 640w, https:\/\/www.rewild.scot\/wp-content\/uploads\/2025\/06\/MHA_1086354-768x512.jpg 768w, https:\/\/www.rewild.scot\/wp-content\/uploads\/2025\/06\/MHA_1086354-1536x1024.jpg 1536w, https:\/\/www.rewild.scot\/wp-content\/uploads\/2025\/06\/MHA_1086354-2048x1365.jpg 2048w\" sizes=\"auto, (max-width: 1960px) 100vw, 1960px\" \/><\/figure>\n\n\n\n<figure class=\"wp-block-image size-large\"><img loading=\"lazy\" decoding=\"async\" width=\"1960\" height=\"1304\" data-id=\"550\" src=\"https:\/\/www.rewild.scot\/wp-content\/uploads\/2025\/06\/img-3bd54f75a4b220012d69513663ab1a71-1960x1304.jpg\" alt=\"\" class=\"wp-image-550\" srcset=\"https:\/\/www.rewild.scot\/wp-content\/uploads\/2025\/06\/img-3bd54f75a4b220012d69513663ab1a71-1960x1304.jpg 1960w, https:\/\/www.rewild.scot\/wp-content\/uploads\/2025\/06\/img-3bd54f75a4b220012d69513663ab1a71-640x426.jpg 640w, https:\/\/www.rewild.scot\/wp-content\/uploads\/2025\/06\/img-3bd54f75a4b220012d69513663ab1a71-768x511.jpg 768w, https:\/\/www.rewild.scot\/wp-content\/uploads\/2025\/06\/img-3bd54f75a4b220012d69513663ab1a71-1536x1022.jpg 1536w, https:\/\/www.rewild.scot\/wp-content\/uploads\/2025\/06\/img-3bd54f75a4b220012d69513663ab1a71.jpg 2000w\" sizes=\"auto, (max-width: 1960px) 100vw, 1960px\" \/><\/figure>\n\n\n\n<figure class=\"wp-block-image size-large\"><img loading=\"lazy\" decoding=\"async\" width=\"1960\" height=\"1307\" data-id=\"580\" src=\"https:\/\/www.rewild.scot\/wp-content\/uploads\/2025\/06\/MHA_1248377-1960x1307.jpg\" alt=\"\" class=\"wp-image-580\" srcset=\"https:\/\/www.rewild.scot\/wp-content\/uploads\/2025\/06\/MHA_1248377-1960x1307.jpg 1960w, https:\/\/www.rewild.scot\/wp-content\/uploads\/2025\/06\/MHA_1248377-640x427.jpg 640w, https:\/\/www.rewild.scot\/wp-content\/uploads\/2025\/06\/MHA_1248377-768x512.jpg 768w, https:\/\/www.rewild.scot\/wp-content\/uploads\/2025\/06\/MHA_1248377-1536x1024.jpg 1536w, https:\/\/www.rewild.scot\/wp-content\/uploads\/2025\/06\/MHA_1248377-2048x1365.jpg 2048w\" sizes=\"auto, (max-width: 1960px) 100vw, 1960px\" \/><\/figure>\n<\/figure>\n\n\n\n<h2 class=\"wp-block-heading\">Carson a bu ch\u00f2ir N\u00e0isean Ath-fhiadhachaidh \u00d9r a bhith ann?<\/h2>\n\n\n\n<p>Tha na siostaman-beatha air a bheil sinn uile an eisimeil gan cn\u00e0mhadh, a\u2019 lagachadh a\u2019 chothruim a th\u2019 againn air biadh, fior-uisge is adhar glan, a\u2019 cur bacadh air a\u2019 chomas againn carbon a chumail air falbh, agus a\u2019 d\u00e8anamh cron air ar sl\u00e0inte is sunnd.<\/p>\n\n\n\n<p>&nbsp;A-nis \u2019s i Alba t\u00e8 de na d\u00f9thchannnan air thalamh a tha as motha gann n\u00e0dair.<\/p>\n\n\n\n<p>&nbsp;Mar a bhios briseadh na gn\u00e0th-s\u00ecde a\u2019 luathachadh agus call n\u00e0dair a\u2019 leantainn, tha cunnart gun choimeas mu choinneimh ar d\u00f2igh-bheatha is \u00e0m ri teachd ar cloinne. \u2019S e n\u00e0dar ar taic-bheatha &#8211; is tha e ann an cunnart.<\/p>\n\n\n\n<p>Ach, tha d\u00f2chas ann fhathast.<\/p>\n\n\n\n<p>&nbsp;Tha ath-fhiadhachadh a\u2019 toirt cothrom dhuinn beatha a thoirt air ais dhan fhearann is na cuantan againn, ag ath-bheothachadh pr\u00f2iseasan n\u00e0darrach, ag ath-st\u00e8idheachadh se\u00f2rsaichean a chaidh air chall, a\u2019 saoibhreachadh choimhearsnachdan, agus a\u2019 togail tapaidheachd an aghaidh nan d\u00f9bhlan a bhios ann san \u00e0m ri teachd.<\/p>\n\n\n\n<h2 class=\"wp-block-heading\">&nbsp;\u00c0m chothruim do dh\u2019Alba<\/h2>\n\n\n\n<p>Tha c\u00f2rr is 150 pr\u00f2iseactan ath-fhiadhachaidh air feadh na h-Alba mar-th\u00e0, bho choilltean coimhearsnachd gu com-p\u00e0irteachasan cruth-t\u00ecre, ach feumaidh sinn barrachd a dh\u00e8anamh.<\/p>\n\n\n\n<p>T\u00f2rr a bharrachd!<\/p>\n\n\n\n<p>\u2019S e sin an t-adhbhar a tha Caidreachas Ath-fhiadhachaidh na h-Alba air a\u2019 Chairt N\u00e0isean Ath-fhiadhachaidh a chruthachadh.<\/p>\n\n\n\n<p>&nbsp;Faodaidh na h-\u00e8iginnean n\u00e0dair is gn\u00e0th-s\u00ecde a bhith nam m\u00f2r-uallach. &nbsp;D\u00e8 n\u00ec duine mu dheidhinn? &nbsp;Faodaidh sinn uile tighinn c\u00f2mhla fo aon theachdaireachd shoilleir. &nbsp;Tog do ghuth c\u00f2mhla rinn, a dh\u2019iarraidh air Riaghaltas na h-Alba ar d\u00f9thaich ainmeachadh a\u2019 chiad N\u00e0isean Ath-fhiadhachaidh san t-saoghal, a\u2019 gealltainn ath-bheothachadh n\u00e0dair air feadh 30% den fhearann is na cuantan againn.<\/p>\n\n\n\n<figure class=\"wp-block-gallery alignwide has-nested-images columns-default is-cropped wp-block-gallery-2 is-layout-flex wp-block-gallery-is-layout-flex\">\n<figure class=\"wp-block-image size-large\"><img loading=\"lazy\" decoding=\"async\" width=\"1200\" height=\"800\" data-id=\"409\" src=\"https:\/\/www.rewild.scot\/wp-content\/uploads\/2025\/06\/img-48e2db23ce34e7955d2fceb7f8b6a5b8.jpg\" alt=\"\" class=\"wp-image-409\" srcset=\"https:\/\/www.rewild.scot\/wp-content\/uploads\/2025\/06\/img-48e2db23ce34e7955d2fceb7f8b6a5b8.jpg 1200w, https:\/\/www.rewild.scot\/wp-content\/uploads\/2025\/06\/img-48e2db23ce34e7955d2fceb7f8b6a5b8-640x427.jpg 640w, https:\/\/www.rewild.scot\/wp-content\/uploads\/2025\/06\/img-48e2db23ce34e7955d2fceb7f8b6a5b8-768x512.jpg 768w\" sizes=\"auto, (max-width: 1200px) 100vw, 1200px\" \/><\/figure>\n\n\n\n<figure class=\"wp-block-image size-large\"><img loading=\"lazy\" decoding=\"async\" width=\"1960\" height=\"1306\" data-id=\"436\" src=\"https:\/\/www.rewild.scot\/wp-content\/uploads\/2025\/06\/img-5354d5a0a26509b3425ca3dc9594ddcf-1960x1306.jpg\" alt=\"\" class=\"wp-image-436\" srcset=\"https:\/\/www.rewild.scot\/wp-content\/uploads\/2025\/06\/img-5354d5a0a26509b3425ca3dc9594ddcf-1960x1306.jpg 1960w, https:\/\/www.rewild.scot\/wp-content\/uploads\/2025\/06\/img-5354d5a0a26509b3425ca3dc9594ddcf-640x427.jpg 640w, https:\/\/www.rewild.scot\/wp-content\/uploads\/2025\/06\/img-5354d5a0a26509b3425ca3dc9594ddcf-768x512.jpg 768w, https:\/\/www.rewild.scot\/wp-content\/uploads\/2025\/06\/img-5354d5a0a26509b3425ca3dc9594ddcf-1536x1024.jpg 1536w, https:\/\/www.rewild.scot\/wp-content\/uploads\/2025\/06\/img-5354d5a0a26509b3425ca3dc9594ddcf.jpg 2000w\" sizes=\"auto, (max-width: 1960px) 100vw, 1960px\" \/><\/figure>\n\n\n\n<figure class=\"wp-block-image size-large\"><img loading=\"lazy\" decoding=\"async\" width=\"1960\" height=\"1273\" data-id=\"291\" src=\"https:\/\/www.rewild.scot\/wp-content\/uploads\/2025\/05\/PCA_14_281210_18-1960x1273.jpg\" alt=\"\" class=\"wp-image-291\" srcset=\"https:\/\/www.rewild.scot\/wp-content\/uploads\/2025\/05\/PCA_14_281210_18-1960x1273.jpg 1960w, https:\/\/www.rewild.scot\/wp-content\/uploads\/2025\/05\/PCA_14_281210_18-640x416.jpg 640w, https:\/\/www.rewild.scot\/wp-content\/uploads\/2025\/05\/PCA_14_281210_18-768x499.jpg 768w, https:\/\/www.rewild.scot\/wp-content\/uploads\/2025\/05\/PCA_14_281210_18-1536x998.jpg 1536w, https:\/\/www.rewild.scot\/wp-content\/uploads\/2025\/05\/PCA_14_281210_18-2048x1330.jpg 2048w\" sizes=\"auto, (max-width: 1960px) 100vw, 1960px\" \/><\/figure>\n<\/figure>\n\n\n\n<p>Tha sinn ag iarraidh air a h-uile duine leis an aon d\u00f2chas is a tha a\u2019 faireachadh d\u00e8 cho deatamach \u2019s a tha a\u2019 ch\u00f9is ur guthan a thogail, a\u2019 cur ur taic an c\u00e8ill do cheithir pr\u00ecomh phrionnsabalan:<\/p>\n\n\n\n<div class=\"wp-block-group alignfull has-fifteen-percent-green-background-color has-background has-global-padding is-layout-constrained wp-block-group-is-layout-constrained\" style=\"padding-top:var(--wp--preset--spacing--50);padding-bottom:var(--wp--preset--spacing--50)\">\n<p><strong>1. Ath-fhiadhachadh gus N\u00e0dar Ath-st\u00e8idheachadh<\/strong><\/p>\n\n\n\n<p>Tha n\u00e0dair mar bhunait a\u2019 bhidh a dh\u2019itheas sinn, an adhair a dh\u2019anaileas sinn agus an uisge a dh\u2019\u00f2las sinn, ach chan urrainn do n\u00e0dair a chumail a\u2019 dol a thoirt nan seirbheisean seo nuair a thathas a\u2019 gabhail brath air gun sgur. Tha ath-fhiadhachadh a\u2019 toirt an d\u00f2chais as fhe\u00e0rr gus sl\u00e0inte a thoirt air ais dhan t-saoghal n\u00e0darra air a bheil sinn uile an eisimeil.<\/p>\n\n\n\n<p><strong>2. Gar n-Ath-fhiadhachadh Fh\u00e8in<\/strong> Tha n\u00e0dar as fhe\u00e0rr nuair a tha e fiadhaich is gun d\u00f9il &#8211; l\u00e0n annas, aoibhneas is iongnaidh. Ma tha sinn ag iarraidh tlachd a ghabhail \u00e0s na toraidhean n\u00e0dair, nach ionnsaich sinn a ghabhail ri barrachd m\u00ec-chinnt, taic a thoirt do cho-bhith le fiadh-bheatha is barrachd \u00e0ite a dh\u00e8anamh do dh\u2019fhiadhachas nar beathannan l\u00e0itheil.<\/p>\n\n\n\n<p><strong>3. Ath-fhiadhachadh do Dhaoine<\/strong> Chan urrainnear a dhol air adhart mar as \u00e0bhaist. Tha e riatanach a-nis a bhith ag atharrachadh mar a n\u00ec sinn rudan, ach feumaidh a h-uile duine a bhith an s\u00e0s san atharrachadh sin. Tha sinn a\u2019 toirt cuireadh mar sin do dhaoine a thighinn an s\u00e0s ann an ath-fhiadhachadh na h-Alba. Ag obair c\u00f2mhla, \u2019s urrainn dhuinn N\u00e0isean Ath-fhiadhachaidh nas sheasmhaiche, nas cothromaiche a dh\u00e8anamh, \u00e0s am faod sinn uile a bhith moiteil.<\/p>\n\n\n\n<p><strong>4. Ath-fhiadhachadh aig \u00ccre Mh\u00f2r<\/strong> Faodaidh ath-fhiadhachadh na m\u00ecrean a tha air fh\u00e0gail de n\u00e0dair ath-cheanglachadh is mheudachadh &#8211; a\u2019 cur car de chall b\u00ecth-iomadachd sna ce\u00e0rnaidhean beaga iomallach seo .Gu cudromach, bhiodh ath-fhiadhachadh aig \u00ecre mh\u00f2r a\u2019 toirt ceangailteachd air ais aig \u00ecre a\u2019 chruth-t\u00ecre, a\u2019 leigeil le fiadh-bheatha soirbheachadh agus gar cuideachadh ann a bhith a\u2019 d\u00e8iligeadh ri briseadh na gn\u00e0th-s\u00ecde.<\/p>\n<\/div>\n\n\n\n<div class=\"wp-block-buttons is-content-justification-center is-layout-flex wp-container-core-buttons-is-layout-78108f9f wp-block-buttons-is-layout-flex\" style=\"margin-bottom:var(--wp--preset--spacing--60)\">\n<div class=\"wp-block-button\"><a class=\"wp-block-button__link wp-element-button\" href=\"https:\/\/bptemrf5lmf.typeform.com\/rewildingnation\" target=\"_blank\" rel=\"noreferrer noopener\"><strong>Cuir d\u2019 ainm ris a\u2019 Chairt<\/strong><\/a><\/div>\n<\/div>","protected":false},"excerpt":{"rendered":"<p>Ma tha thu a\u2019 cumail taic ri N\u00e0isean Ath-fhiadhachaidh \u00d9r, \u2019s e a-nis an cothrom agad a bhruidhinn \u00a0\u2019S e seo an cothrom agad do thaic airson ath-fhiadhachadh ann an Alba a leigeil fhaicinn le bhith ag earalachadh air Riaghaltas na h-Alba Alba a ghairm na N\u00e0isean Ath-fhiadhachaidh, a\u2019 gealltainn do dh\u2019ath-shl\u00e0nachadh n\u00e0dair thar 30% [&hellip;]<\/p>\n","protected":false},"author":1,"featured_media":0,"parent":0,"menu_order":0,"comment_status":"closed","ping_status":"closed","template":"page-no-title-no-featured-image","meta":{"_acf_changed":false,"footnotes":""},"class_list":["post-28","page","type-page","status-publish","hentry"],"acf":[],"mb":[],"yoast_head":"<!-- This site is optimized with the Yoast SEO plugin v27.6 - https:\/\/yoast.com\/product\/yoast-seo-wordpress\/ -->\n<title>Chairt N\u00e0isean Ath-fhiadhachaidh - The Scottish Rewilding Alliance<\/title>\n<meta name=\"robots\" content=\"index, follow, max-snippet:-1, max-image-preview:large, max-video-preview:-1\" \/>\n<link rel=\"canonical\" href=\"https:\/\/www.rewild.scot\/gd\/chairt\/\" \/>\n<meta property=\"og:locale\" content=\"en_US\" \/>\n<meta property=\"og:type\" content=\"article\" \/>\n<meta property=\"og:title\" content=\"Chairt N\u00e0isean Ath-fhiadhachaidh - The Scottish Rewilding Alliance\" \/>\n<meta property=\"og:description\" content=\"Ma tha thu a\u2019 cumail taic ri N\u00e0isean Ath-fhiadhachaidh \u00d9r, \u2019s e a-nis an cothrom agad a bhruidhinn \u00a0\u2019S e seo an cothrom agad do thaic airson ath-fhiadhachadh ann an Alba a leigeil fhaicinn le bhith ag earalachadh air Riaghaltas na h-Alba Alba a ghairm na N\u00e0isean Ath-fhiadhachaidh, a\u2019 gealltainn do dh\u2019ath-shl\u00e0nachadh n\u00e0dair thar 30% [&hellip;]\" \/>\n<meta property=\"og:url\" content=\"https:\/\/www.rewild.scot\/gd\/chairt\/\" \/>\n<meta property=\"og:site_name\" content=\"The Scottish Rewilding Alliance\" \/>\n<meta property=\"article:publisher\" content=\"https:\/\/www.facebook.com\/ScotRewilding\" \/>\n<meta property=\"article:modified_time\" content=\"2025-06-25T09:55:36+00:00\" \/>\n<meta property=\"og:image\" content=\"https:\/\/www.rewild.scot\/wp-content\/uploads\/2025\/06\/img-ded8e5ae9aa4976d2a102f7487fa8013.jpg\" \/>\n\t<meta property=\"og:image:width\" content=\"2000\" \/>\n\t<meta property=\"og:image:height\" content=\"1022\" \/>\n\t<meta property=\"og:image:type\" content=\"image\/jpeg\" \/>\n<meta name=\"twitter:card\" content=\"summary_large_image\" \/>\n<meta name=\"twitter:site\" content=\"@ScotRewilding\" \/>\n<meta name=\"twitter:label1\" content=\"Est. reading time\" \/>\n\t<meta name=\"twitter:data1\" content=\"5 minutes\" \/>\n<script type=\"application\/ld+json\" class=\"yoast-schema-graph\">{\"@context\":\"https:\\\/\\\/schema.org\",\"@graph\":[{\"@type\":\"WebPage\",\"@id\":\"https:\\\/\\\/www.rewild.scot\\\/chairt\\\/\",\"url\":\"https:\\\/\\\/www.rewild.scot\\\/chairt\\\/\",\"name\":\"Chairt N\u00e0isean Ath-fhiadhachaidh - The Scottish Rewilding Alliance\",\"isPartOf\":{\"@id\":\"https:\\\/\\\/www.rewild.scot\\\/#website\"},\"primaryImageOfPage\":{\"@id\":\"https:\\\/\\\/www.rewild.scot\\\/chairt\\\/#primaryimage\"},\"image\":{\"@id\":\"https:\\\/\\\/www.rewild.scot\\\/chairt\\\/#primaryimage\"},\"thumbnailUrl\":\"https:\\\/\\\/www.rewild.scot\\\/wp-content\\\/uploads\\\/2025\\\/06\\\/img-ded8e5ae9aa4976d2a102f7487fa8013.jpg\",\"datePublished\":\"2025-05-13T16:52:12+00:00\",\"dateModified\":\"2025-06-25T09:55:36+00:00\",\"breadcrumb\":{\"@id\":\"https:\\\/\\\/www.rewild.scot\\\/chairt\\\/#breadcrumb\"},\"inLanguage\":\"gd\",\"potentialAction\":[{\"@type\":\"ReadAction\",\"target\":[\"https:\\\/\\\/www.rewild.scot\\\/chairt\\\/\"]}]},{\"@type\":\"ImageObject\",\"inLanguage\":\"gd\",\"@id\":\"https:\\\/\\\/www.rewild.scot\\\/chairt\\\/#primaryimage\",\"url\":\"https:\\\/\\\/www.rewild.scot\\\/wp-content\\\/uploads\\\/2025\\\/06\\\/img-ded8e5ae9aa4976d2a102f7487fa8013.jpg\",\"contentUrl\":\"https:\\\/\\\/www.rewild.scot\\\/wp-content\\\/uploads\\\/2025\\\/06\\\/img-ded8e5ae9aa4976d2a102f7487fa8013.jpg\"},{\"@type\":\"BreadcrumbList\",\"@id\":\"https:\\\/\\\/www.rewild.scot\\\/chairt\\\/#breadcrumb\",\"itemListElement\":[{\"@type\":\"ListItem\",\"position\":1,\"name\":\"Home\",\"item\":\"https:\\\/\\\/www.rewild.scot\\\/\"},{\"@type\":\"ListItem\",\"position\":2,\"name\":\"Chairt N\u00e0isean Ath-fhiadhachaidh\"}]},{\"@type\":\"WebSite\",\"@id\":\"https:\\\/\\\/www.rewild.scot\\\/#website\",\"url\":\"https:\\\/\\\/www.rewild.scot\\\/\",\"name\":\"The Scottish Rewilding Alliance\",\"description\":\"ReWilding Nation\",\"publisher\":{\"@id\":\"https:\\\/\\\/www.rewild.scot\\\/#organization\"},\"potentialAction\":[{\"@type\":\"SearchAction\",\"target\":{\"@type\":\"EntryPoint\",\"urlTemplate\":\"https:\\\/\\\/www.rewild.scot\\\/?s={search_term_string}\"},\"query-input\":{\"@type\":\"PropertyValueSpecification\",\"valueRequired\":true,\"valueName\":\"search_term_string\"}}],\"inLanguage\":\"gd\"},{\"@type\":\"Organization\",\"@id\":\"https:\\\/\\\/www.rewild.scot\\\/#organization\",\"name\":\"The Scottish Rewilding Alliance\",\"url\":\"https:\\\/\\\/www.rewild.scot\\\/\",\"logo\":{\"@type\":\"ImageObject\",\"inLanguage\":\"gd\",\"@id\":\"https:\\\/\\\/www.rewild.scot\\\/#\\\/schema\\\/logo\\\/image\\\/\",\"url\":\"https:\\\/\\\/www.rewild.scot\\\/wp-content\\\/uploads\\\/2025\\\/05\\\/the-scottish-wildlife-alliance-logo.png\",\"contentUrl\":\"https:\\\/\\\/www.rewild.scot\\\/wp-content\\\/uploads\\\/2025\\\/05\\\/the-scottish-wildlife-alliance-logo.png\",\"width\":500,\"height\":96,\"caption\":\"The Scottish Rewilding Alliance\"},\"image\":{\"@id\":\"https:\\\/\\\/www.rewild.scot\\\/#\\\/schema\\\/logo\\\/image\\\/\"},\"sameAs\":[\"https:\\\/\\\/www.facebook.com\\\/ScotRewilding\",\"https:\\\/\\\/x.com\\\/ScotRewilding\",\"https:\\\/\\\/www.youtube.com\\\/@thescottishrewildingallian7894\",\"https:\\\/\\\/www.linkedin.com\\\/company\\\/scottish-rewilding-alliance\\\/\",\"https:\\\/\\\/www.instagram.com\\\/scot_rewilding\\\/?hl=en\"]}]}<\/script>\n<!-- \/ Yoast SEO plugin. -->","yoast_head_json":{"title":"Chairt N\u00e0isean Ath-fhiadhachaidh - The Scottish Rewilding Alliance","robots":{"index":"index","follow":"follow","max-snippet":"max-snippet:-1","max-image-preview":"max-image-preview:large","max-video-preview":"max-video-preview:-1"},"canonical":"https:\/\/www.rewild.scot\/gd\/chairt\/","og_locale":"en_US","og_type":"article","og_title":"Chairt N\u00e0isean Ath-fhiadhachaidh - The Scottish Rewilding Alliance","og_description":"Ma tha thu a\u2019 cumail taic ri N\u00e0isean Ath-fhiadhachaidh \u00d9r, \u2019s e a-nis an cothrom agad a bhruidhinn \u00a0\u2019S e seo an cothrom agad do thaic airson ath-fhiadhachadh ann an Alba a leigeil fhaicinn le bhith ag earalachadh air Riaghaltas na h-Alba Alba a ghairm na N\u00e0isean Ath-fhiadhachaidh, a\u2019 gealltainn do dh\u2019ath-shl\u00e0nachadh n\u00e0dair thar 30% [&hellip;]","og_url":"https:\/\/www.rewild.scot\/gd\/chairt\/","og_site_name":"The Scottish Rewilding Alliance","article_publisher":"https:\/\/www.facebook.com\/ScotRewilding","article_modified_time":"2025-06-25T09:55:36+00:00","og_image":[{"width":2000,"height":1022,"url":"https:\/\/www.rewild.scot\/wp-content\/uploads\/2025\/06\/img-ded8e5ae9aa4976d2a102f7487fa8013.jpg","type":"image\/jpeg"}],"twitter_card":"summary_large_image","twitter_site":"@ScotRewilding","twitter_misc":{"Est. reading time":"5 minutes"},"schema":{"@context":"https:\/\/schema.org","@graph":[{"@type":"WebPage","@id":"https:\/\/www.rewild.scot\/chairt\/","url":"https:\/\/www.rewild.scot\/chairt\/","name":"Chairt N\u00e0isean Ath-fhiadhachaidh - The Scottish Rewilding Alliance","isPartOf":{"@id":"https:\/\/www.rewild.scot\/#website"},"primaryImageOfPage":{"@id":"https:\/\/www.rewild.scot\/chairt\/#primaryimage"},"image":{"@id":"https:\/\/www.rewild.scot\/chairt\/#primaryimage"},"thumbnailUrl":"https:\/\/www.rewild.scot\/wp-content\/uploads\/2025\/06\/img-ded8e5ae9aa4976d2a102f7487fa8013.jpg","datePublished":"2025-05-13T16:52:12+00:00","dateModified":"2025-06-25T09:55:36+00:00","breadcrumb":{"@id":"https:\/\/www.rewild.scot\/chairt\/#breadcrumb"},"inLanguage":"gd","potentialAction":[{"@type":"ReadAction","target":["https:\/\/www.rewild.scot\/chairt\/"]}]},{"@type":"ImageObject","inLanguage":"gd","@id":"https:\/\/www.rewild.scot\/chairt\/#primaryimage","url":"https:\/\/www.rewild.scot\/wp-content\/uploads\/2025\/06\/img-ded8e5ae9aa4976d2a102f7487fa8013.jpg","contentUrl":"https:\/\/www.rewild.scot\/wp-content\/uploads\/2025\/06\/img-ded8e5ae9aa4976d2a102f7487fa8013.jpg"},{"@type":"BreadcrumbList","@id":"https:\/\/www.rewild.scot\/chairt\/#breadcrumb","itemListElement":[{"@type":"ListItem","position":1,"name":"Home","item":"https:\/\/www.rewild.scot\/"},{"@type":"ListItem","position":2,"name":"Chairt N\u00e0isean Ath-fhiadhachaidh"}]},{"@type":"WebSite","@id":"https:\/\/www.rewild.scot\/#website","url":"https:\/\/www.rewild.scot\/","name":"The Scottish Rewilding Alliance","description":"ReWilding Nation","publisher":{"@id":"https:\/\/www.rewild.scot\/#organization"},"potentialAction":[{"@type":"SearchAction","target":{"@type":"EntryPoint","urlTemplate":"https:\/\/www.rewild.scot\/?s={search_term_string}"},"query-input":{"@type":"PropertyValueSpecification","valueRequired":true,"valueName":"search_term_string"}}],"inLanguage":"gd"},{"@type":"Organization","@id":"https:\/\/www.rewild.scot\/#organization","name":"The Scottish Rewilding Alliance","url":"https:\/\/www.rewild.scot\/","logo":{"@type":"ImageObject","inLanguage":"gd","@id":"https:\/\/www.rewild.scot\/#\/schema\/logo\/image\/","url":"https:\/\/www.rewild.scot\/wp-content\/uploads\/2025\/05\/the-scottish-wildlife-alliance-logo.png","contentUrl":"https:\/\/www.rewild.scot\/wp-content\/uploads\/2025\/05\/the-scottish-wildlife-alliance-logo.png","width":500,"height":96,"caption":"The Scottish Rewilding Alliance"},"image":{"@id":"https:\/\/www.rewild.scot\/#\/schema\/logo\/image\/"},"sameAs":["https:\/\/www.facebook.com\/ScotRewilding","https:\/\/x.com\/ScotRewilding","https:\/\/www.youtube.com\/@thescottishrewildingallian7894","https:\/\/www.linkedin.com\/company\/scottish-rewilding-alliance\/","https:\/\/www.instagram.com\/scot_rewilding\/?hl=en"]}]}},"mfb_rest_fields":["title","yoast_head","yoast_head_json"],"_links":{"self":[{"href":"https:\/\/www.rewild.scot\/gd\/wp-json\/wp\/v2\/pages\/28","targetHints":{"allow":["GET"]}}],"collection":[{"href":"https:\/\/www.rewild.scot\/gd\/wp-json\/wp\/v2\/pages"}],"about":[{"href":"https:\/\/www.rewild.scot\/gd\/wp-json\/wp\/v2\/types\/page"}],"author":[{"embeddable":true,"href":"https:\/\/www.rewild.scot\/gd\/wp-json\/wp\/v2\/users\/1"}],"replies":[{"embeddable":true,"href":"https:\/\/www.rewild.scot\/gd\/wp-json\/wp\/v2\/comments?post=28"}],"version-history":[{"count":16,"href":"https:\/\/www.rewild.scot\/gd\/wp-json\/wp\/v2\/pages\/28\/revisions"}],"predecessor-version":[{"id":739,"href":"https:\/\/www.rewild.scot\/gd\/wp-json\/wp\/v2\/pages\/28\/revisions\/739"}],"wp:attachment":[{"href":"https:\/\/www.rewild.scot\/gd\/wp-json\/wp\/v2\/media?parent=28"}],"curies":[{"name":"wp","href":"https:\/\/api.w.org\/{rel}","templated":true}]}}